{"id":82972,"date":"2024-07-16T08:30:45","date_gmt":"2024-07-16T08:30:45","guid":{"rendered":"https:\/\/www.drjkt.health\/?page_id=82972"},"modified":"2026-04-20T12:01:45","modified_gmt":"2026-04-20T12:01:45","slug":"confidentialite","status":"publish","type":"page","link":"https:\/\/www.drjkt.health\/fr\/confidentialite\/","title":{"rendered":"Politique de confidentialit\u00e9"},"content":{"rendered":"<p>[et_pb_section fb_built=\u00a0\u00bb1&Prime; _builder_version=\u00a0\u00bb4.16&Prime; global_colors_info=\u00a0\u00bb{}\u00a0\u00bb][et_pb_row _builder_version=\u00a0\u00bb4.16&Prime; background_size=\u00a0\u00bbinitial\u00a0\u00bb background_position=\u00a0\u00bbtop_left\u00a0\u00bb background_repeat=\u00a0\u00bbrepeat\u00a0\u00bb global_colors_info=\u00a0\u00bb{}\u00a0\u00bb][et_pb_column type=\u00a0\u00bb4_4&Prime; _builder_version=\u00a0\u00bb4.16&Prime; custom_padding=\u00a0\u00bb|||\u00a0\u00bb global_colors_info=\u00a0\u00bb{}\u00a0\u00bb custom_padding__hover=\u00a0\u00bb|||\u00a0\u00bb][et_pb_text _builder_version=\u00a0\u00bb4.27.6&Prime; background_size=\u00a0\u00bbinitial\u00a0\u00bb background_position=\u00a0\u00bbtop_left\u00a0\u00bb background_repeat=\u00a0\u00bbrepeat\u00a0\u00bb hover_enabled=\u00a0\u00bb0&Prime; global_colors_info=\u00a0\u00bb{}\u00a0\u00bb sticky_enabled=\u00a0\u00bb0&Prime;]<\/p>\n<h3><strong>Politique de confidentialit\u00e9<\/strong><\/h3>\n<p><\/p>\n<h3>Qui nous sommes<\/h3>\n<p><\/p>\n<p>L\u2019adresse de notre site Internet est : https:\/\/www.drjkt.health.<\/p>\n<p><\/p>\n<h3>Commentaires<\/h3>\n<p><\/p>\n<p>Lorsque les visiteurs laissent des commentaires sur le site, nous collectons les donn\u00e9es affich\u00e9es dans le formulaire de commentaires, ainsi que l\u2019adresse IP du visiteur et la cha\u00eene de l\u2019agent utilisateur (qui identifie le navigateur) pour faciliter la d\u00e9tection du spam.<\/p>\n<p><\/p>\n<p>Une cha\u00eene anonymis\u00e9e peut \u00eatre cr\u00e9\u00e9e \u00e0 partir de votre adresse e-mail (\u00e9galement appel\u00e9e hachage) et fournie au service Gravatar pour voir si vous l\u2019utilisez. La politique de confidentialit\u00e9 du service Gravatar peut \u00eatre consult\u00e9e ici\u00a0: https:\/\/automattic.com\/privacy\/. Une fois votre commentaire approuv\u00e9, votre photo de profil sera visible publiquement dans le contexte de votre commentaire.<\/p>\n<p><\/p>\n<h3>M\u00e9dias<\/h3>\n<p><\/p>\n<p>Si vous \u00eates un utilisateur enregistr\u00e9 et t\u00e9l\u00e9chargez des photos sur ce site Web, vous devez \u00e9viter de t\u00e9l\u00e9charger des photos avec un emplacement GPS EXIF \u200b\u200b\u200b\u200b. Les visiteurs de ce site Web peuvent t\u00e9l\u00e9charger des photos stock\u00e9es sur ce site Web et extraire leurs informations de localisation.<\/p>\n<p><\/p>\n<h3>Coockies<\/h3>\n<p><\/p>\n<p>Si vous \u00e9crivez un commentaire sur notre site Internet, vous pouvez accepter que votre nom, votre adresse email et votre site Internet soient enregistr\u00e9s dans des cookies. Celles-ci sont destin\u00e9es \u00e0 votre commodit\u00e9 afin que vous n\u2019ayez pas \u00e0 remplir \u00e0 nouveau toutes ces informations lorsque vous laissez un autre commentaire. Ces cookies sont conserv\u00e9s pendant un an.<\/p>\n<p><\/p>\n<p>Si vous avez un compte et que vous vous connectez \u00e0 ce site Web, nous d\u00e9finirons un cookie temporaire pour d\u00e9terminer si votre navigateur accepte les cookies. Ce cookie ne contient aucune donn\u00e9e personnelle et est supprim\u00e9 lorsque vous fermez votre navigateur.<\/p>\n<p><\/p>\n<p>Lorsque vous vous connecterez, nous installerons des cookies pour enregistrer vos informations de connexion et vos choix de visualisation. Les cookies de connexion expirent apr\u00e8s deux jours et les cookies d\u2019options d\u2019affichage expirent apr\u00e8s un an. Si vous s\u00e9lectionnez \u00ab Se souvenir de moi \u00bb lors de votre inscription, votre inscription sera maintenue pendant deux semaines. Lorsque vous vous d\u00e9connectez de votre compte, les cookies de connexion seront supprim\u00e9s.<\/p>\n<p><\/p>\n<p>Lorsque vous modifiez ou publiez un article, un cookie suppl\u00e9mentaire est stock\u00e9 dans votre navigateur. Ce cookie ne contient aucune donn\u00e9e personnelle et fait uniquement r\u00e9f\u00e9rence \u00e0 l\u2019identifiant de la publication de l\u2019article que vous venez de modifier. Le cookie expire apr\u00e8s un jour.<\/p>\n<p><\/p>\n<h2>Contenu int\u00e9gr\u00e9 provenant d\u2019autres sites Web<\/h2>\n<p><\/p>\n<p>Les publications sur ce site Web peuvent contenir du contenu int\u00e9gr\u00e9 (par exemple des vid\u00e9os, des images, des publications, etc.). Le contenu int\u00e9gr\u00e9 d\u2019autres sites Web se comporte exactement comme si le visiteur avait visit\u00e9 l\u2019autre site Web.<\/p>\n<p><\/p>\n<p>Ces sites Web peuvent collecter des donn\u00e9es sur vous, utiliser des cookies, int\u00e9grer un suivi tiers suppl\u00e9mentaire et surveiller votre interaction avec ce contenu int\u00e9gr\u00e9, y compris le suivi de votre interaction avec le contenu int\u00e9gr\u00e9 si vous disposez d\u2019un compte et \u00eates connect\u00e9 \u00e0 ce site Web.<\/p>\n<p><\/p>\n<h3>Avec qui partageons-nous vos donn\u00e9es<\/h3>\n<p><\/p>\n<p>Si vous demandez une r\u00e9initialisation de mot de passe, votre adresse IP sera incluse dans l\u2019e-mail de r\u00e9initialisation.<\/p>\n<p><\/p>\n<h2>Combien de temps nous conservons vos donn\u00e9es<\/h2>\n<p><\/p>\n<p>Si vous \u00e9crivez un commentaire, il sera enregistr\u00e9 ind\u00e9finiment, y compris les m\u00e9tadonn\u00e9es. De cette fa\u00e7on, nous pouvons reconna\u00eetre et approuver automatiquement tous les commentaires suivants au lieu de les conserver dans une file d\u2019attente de mod\u00e9ration.<\/p>\n<p><\/p>\n<p>Pour les utilisateurs qui s\u2019inscrivent sur notre site Web, nous stockons en outre les informations personnelles qu\u2019ils fournissent dans leur profil d\u2019utilisateur. Tous les utilisateurs peuvent consulter, modifier ou supprimer leurs informations personnelles \u00e0 tout moment (le nom d\u2019utilisateur ne peut pas \u00eatre modifi\u00e9). Les administrateurs du site Web peuvent \u00e9galement consulter et modifier ces informations.<\/p>\n<p><\/p>\n<h2>Quels sont vos droits sur vos donn\u00e9es<\/h2>\n<p><\/p>\n<p>Si vous disposez d\u2019un compte sur ce site ou avez des commentaires \u00e9crits, vous pouvez demander un export export\u00e9 de vos donn\u00e9es personnelles, y compris celles que vous nous avez fournies. Vous pouvez \u00e9galement demander que nous supprimions toutes les donn\u00e9es personnelles que nous d\u00e9tenons \u00e0 votre sujet. Cela n\u2019inclut pas les donn\u00e9es que nous sommes tenus de conserver pour des raisons administratives, juridiques ou de s\u00e9curit\u00e9.<\/p>\n<p><\/p>\n<h2>O\u00f9 vos donn\u00e9es sont envoy\u00e9es<\/h2>\n<p><\/p>\n<p>Les commentaires des visiteurs peuvent \u00eatre v\u00e9rifi\u00e9s via un service automatis\u00e9 de d\u00e9tection de spam.<\/p>\n<p>[\/et_pb_text][\/et_pb_column][\/et_pb_row][\/et_pb_section]<\/p>\n","protected":false},"excerpt":{"rendered":"<p>Politique de confidentialit\u00e9Qui nous sommesL\u2019adresse de notre site Internet est : https:\/\/www.drjkt.health.CommentairesLorsque les visiteurs laissent des commentaires sur le site, nous collectons les donn\u00e9es affich\u00e9es dans le formulaire de commentaires, ainsi que l\u2019adresse IP du visiteur et la cha\u00eene de l\u2019agent utilisateur (qui identifie le navigateur) pour faciliter la d\u00e9tection du spam.Une cha\u00eene anonymis\u00e9e peut [&hellip;]<\/p>\n","protected":false},"author":1,"featured_media":0,"parent":0,"menu_order":0,"comment_status":"closed","ping_status":"closed","template":"","meta":{"_et_pb_use_builder":"on","_et_pb_old_content":"","_et_gb_content_width":"","footnotes":""},"class_list":["post-82972","page","type-page","status-publish","hentry"],"_links":{"self":[{"href":"https:\/\/www.drjkt.health\/fr\/wp-json\/wp\/v2\/pages\/82972","targetHints":{"allow":["GET"]}}],"collection":[{"href":"https:\/\/www.drjkt.health\/fr\/wp-json\/wp\/v2\/pages"}],"about":[{"href":"https:\/\/www.drjkt.health\/fr\/wp-json\/wp\/v2\/types\/page"}],"author":[{"embeddable":true,"href":"https:\/\/www.drjkt.health\/fr\/wp-json\/wp\/v2\/users\/1"}],"replies":[{"embeddable":true,"href":"https:\/\/www.drjkt.health\/fr\/wp-json\/wp\/v2\/comments?post=82972"}],"version-history":[{"count":5,"href":"https:\/\/www.drjkt.health\/fr\/wp-json\/wp\/v2\/pages\/82972\/revisions"}],"predecessor-version":[{"id":83974,"href":"https:\/\/www.drjkt.health\/fr\/wp-json\/wp\/v2\/pages\/82972\/revisions\/83974"}],"wp:attachment":[{"href":"https:\/\/www.drjkt.health\/fr\/wp-json\/wp\/v2\/media?parent=82972"}],"curies":[{"name":"wp","href":"https:\/\/api.w.org\/{rel}","templated":true}]}}