{"id":82989,"date":"2024-07-02T09:03:26","date_gmt":"2024-07-02T09:03:26","guid":{"rendered":"https:\/\/www.drjkt.health\/presentation\/"},"modified":"2026-04-20T12:06:05","modified_gmt":"2026-04-20T12:06:05","slug":"presentation","status":"publish","type":"page","link":"https:\/\/www.drjkt.health\/fr\/presentation\/","title":{"rendered":"Pr\u00e9sentation"},"content":{"rendered":"<p>[et_pb_section fb_built=\u00a0\u00bb1&Prime; custom_padding_last_edited=\u00a0\u00bbon|phone\u00a0\u00bb _builder_version=\u00a0\u00bb4.27.0&Prime; _module_preset=\u00a0\u00bbdefault\u00a0\u00bb custom_margin=\u00a0\u00bb0px||0px||false|false\u00a0\u00bb custom_padding=\u00a0\u00bb43px||0px||false|false\u00a0\u00bb custom_padding_tablet=\u00a0\u00bb1px||||false|false\u00a0\u00bb custom_padding_phone=\u00a0\u00bb||||false|false\u00a0\u00bb global_colors_info=\u00a0\u00bb{}\u00a0\u00bb][et_pb_row column_structure=\u00a0\u00bb2_5,3_5&Prime; use_custom_gutter=\u00a0\u00bbon\u00a0\u00bb gutter_width=\u00a0\u00bb1&Prime; _builder_version=\u00a0\u00bb4.27.4&Prime; _module_preset=\u00a0\u00bbdefault\u00a0\u00bb width=\u00a0\u00bb90%\u00a0\u00bb max_width=\u00a0\u00bb1270px\u00a0\u00bb custom_margin=\u00a0\u00bb0px|auto|5px|auto|false|false\u00a0\u00bb custom_margin_tablet=\u00a0\u00bb0px||||false|false\u00a0\u00bb custom_margin_phone=\u00a0\u00bb||||false|false\u00a0\u00bb custom_margin_last_edited=\u00a0\u00bbon|tablet\u00a0\u00bb custom_padding=\u00a0\u00bb0px||0px|0px|false|false\u00a0\u00bb animation_style=\u00a0\u00bbfade\u00a0\u00bb animation_delay=\u00a0\u00bb500ms\u00a0\u00bb animation_speed_curve=\u00a0\u00bbease\u00a0\u00bb global_colors_info=\u00a0\u00bb{}\u00a0\u00bb][et_pb_column type=\u00a0\u00bb2_5&Prime; _builder_version=\u00a0\u00bb4.21.0&Prime; _module_preset=\u00a0\u00bbdefault\u00a0\u00bb global_colors_info=\u00a0\u00bb{}\u00a0\u00bb][et_pb_text _builder_version=\u00a0\u00bb4.27.6&Prime; _module_preset=\u00a0\u00bbdefault\u00a0\u00bb header_2_font=\u00a0\u00bbCatamaran|800|||||||\u00a0\u00bb header_2_text_align=\u00a0\u00bbleft\u00a0\u00bb header_2_text_color=\u00a0\u00bb#060606&Prime; header_2_font_size=\u00a0\u00bb42px\u00a0\u00bb header_2_line_height=\u00a0\u00bb1.3em\u00a0\u00bb custom_margin=\u00a0\u00bb0px||4px||false|false\u00a0\u00bb custom_padding=\u00a0\u00bb0px||0px||false|false\u00a0\u00bb hover_enabled=\u00a0\u00bb0&Prime; header_2_font_size_tablet=\u00a0\u00bb42px\u00a0\u00bb header_2_font_size_phone=\u00a0\u00bb30px\u00a0\u00bb header_2_font_size_last_edited=\u00a0\u00bbon|phone\u00a0\u00bb global_colors_info=\u00a0\u00bb{}\u00a0\u00bb sticky_enabled=\u00a0\u00bb0&Prime;]<\/p>\n<h2>Pr\u00e9sentation<\/h2>\n<p>[\/et_pb_text][\/et_pb_column][et_pb_column type=\u00a0\u00bb3_5&Prime; _builder_version=\u00a0\u00bb4.21.0&Prime; _module_preset=\u00a0\u00bbdefault\u00a0\u00bb custom_padding=\u00a0\u00bb|||54px|false|false\u00a0\u00bb custom_padding_tablet=\u00a0\u00bb|||0px|false|false\u00a0\u00bb custom_padding_phone=\u00a0\u00bb|||0px|false|false\u00a0\u00bb custom_padding_last_edited=\u00a0\u00bbon|tablet\u00a0\u00bb global_colors_info=\u00a0\u00bb{}\u00a0\u00bb][\/et_pb_column][\/et_pb_row][et_pb_row column_structure=\u00a0\u00bb1_4,3_4&Prime; use_custom_gutter=\u00a0\u00bbon\u00a0\u00bb gutter_width=\u00a0\u00bb1&Prime; _builder_version=\u00a0\u00bb4.27.0&Prime; _module_preset=\u00a0\u00bbdefault\u00a0\u00bb background_enable_color=\u00a0\u00bboff\u00a0\u00bb background_enable_image=\u00a0\u00bboff\u00a0\u00bb background_position=\u00a0\u00bbbottom_right\u00a0\u00bb width=\u00a0\u00bb90%\u00a0\u00bb max_width=\u00a0\u00bb1270px\u00a0\u00bb custom_margin=\u00a0\u00bb0px|auto|-3px|auto|false|false\u00a0\u00bb custom_margin_tablet=\u00a0\u00bb0px||||false|false\u00a0\u00bb custom_margin_phone=\u00a0\u00bb||||false|false\u00a0\u00bb custom_margin_last_edited=\u00a0\u00bbon|desktop\u00a0\u00bb custom_padding=\u00a0\u00bb0px||0px||false|false\u00a0\u00bb animation_style=\u00a0\u00bbfade\u00a0\u00bb animation_delay=\u00a0\u00bb500ms\u00a0\u00bb animation_speed_curve=\u00a0\u00bbease\u00a0\u00bb global_colors_info=\u00a0\u00bb{}\u00a0\u00bb][et_pb_column type=\u00a0\u00bb1_4&Prime; _builder_version=\u00a0\u00bb4.27.0&Prime; _module_preset=\u00a0\u00bbdefault\u00a0\u00bb global_colors_info=\u00a0\u00bb{}\u00a0\u00bb][et_pb_image src=\u00a0\u00bbhttps:\/\/www.drjkt.health\/wp-content\/uploads\/2024\/04\/drjkt.png\u00a0\u00bb alt=\u00a0\u00bbDr. Med. Judith Kouematchoua Tchuitcheu\u00a0\u00bb title_text=\u00a0\u00bbDr. Med. Judith Kouematchoua Tchuitcheu\u00a0\u00bb align=\u00a0\u00bbcenter\u00a0\u00bb _builder_version=\u00a0\u00bb4.27.0&Prime; _module_preset=\u00a0\u00bbdefault\u00a0\u00bb width_tablet=\u00a0\u00bb\u00a0\u00bb width_phone=\u00a0\u00bb\u00a0\u00bb width_last_edited=\u00a0\u00bbon|desktop\u00a0\u00bb max_width_tablet=\u00a0\u00bb64%\u00a0\u00bb max_width_phone=\u00a0\u00bb64%\u00a0\u00bb max_width_last_edited=\u00a0\u00bbon|tablet\u00a0\u00bb module_alignment=\u00a0\u00bbcenter\u00a0\u00bb custom_padding=\u00a0\u00bb|27px|24px|||\u00a0\u00bb global_colors_info=\u00a0\u00bb{}\u00a0\u00bb][\/et_pb_image][\/et_pb_column][et_pb_column type=\u00a0\u00bb3_4&Prime; _builder_version=\u00a0\u00bb4.27.0&Prime; _module_preset=\u00a0\u00bbdefault\u00a0\u00bb global_colors_info=\u00a0\u00bb{}\u00a0\u00bb][et_pb_text content_tablet=\u00a0\u00bb<\/p>\n<h2 style=%22text-align: center;%22><span>Je suis Dr. Judith Kouematchoua Tchuitcheu n\u00e9e Heukoua Njanda.<\/span><\/h2>\n<p style=%22text-align: justify;%22><span>Depuis 2010, je suis install\u00e9e comme gyn\u00e9cologue dans le centre-ville de Hambourg. Je suis n\u00e9e au Cameroun et j\u2019y ai v\u00e9cu jusqu\u2019\u00e0 l\u2019obtention de mon baccalaur\u00e9at en 1994. Ensuite je suis venue en Allemagne pour faire des \u00e9tudes de m\u00e9decine, ce qui m\u2019a permis de r\u00e9aliser mon r\u00eave d\u2019enfant. J\u2019ai \u00e9tudi\u00e9 \u00e0 Giessen, Gen\u00e8ve et Nairobi. Imm\u00e9diatement apr\u00e8s mes \u00e9tudes, j\u2019ai fait un cours en sant\u00e9 publique et en m\u00e9decine tropicale \u00e0 Heidelberg, suivi d\u2019un stage \u00e0 la Gesellschaft f\u00fcr Internationale Zusammenarbeit (GIZ), une institution du minist\u00e8re f\u00e9d\u00e9ral allemand de la coop\u00e9ration \u00e0 Eschborn pr\u00e8s de Francfort, dans le domaine de la lutte contre la circoncision chez les femmes (FGM). Ensuite, j\u2019ai eu l\u2019opportunit\u00e9 de traivailler \u00e0 l\u2019Organisation mondiale de la sant\u00e9 (OMS) \u00e0 Gen\u00e8ve sur un projet dans le cadre de la recherche sur le paludisme. lorsqu\u2019on m\u2019a propos\u00e9 de poursuivre mon engagement \u00e0 l\u2019OMS, mon c\u0153ur balan\u00e7ait d\u00e9j\u00e0 : Devais-je me consacrer enti\u00e8rement sur la sant\u00e9 publique ou alors plut\u00f4t \u00e0 une activit\u00e9 clinique? Je trouvais les deux tr\u00e8s int\u00e9ressants, mais je ne pouvais pas les combiner. J\u2019ai opt\u00e9 pour la seconde solution et suis rentr\u00e9e en Allemagne pour me sp\u00e9cialiser en gyn\u00e9cologie et obst\u00e9trique. Je savais qu\u2019avec plus d\u2019exp\u00e9rience clinique, je pourrais aussi mieux atteindre et soutenir un plus grand nombre de personnes.  <\/span><\/p>\n<p>\u00a0\u00bb content_phone=\u00a0\u00bb<\/p>\n<h2 style=%22text-align: center;%22><span>Je suis Dr. Judith Kouematchoua Tchuitcheu n\u00e9e Heukoua Njanda.<\/span><\/h2>\n<p style=%22text-align: justify;%22><span>Depuis 2010, je suis install\u00e9e comme gyn\u00e9cologue dans le centre-ville de Hambourg. Je suis n\u00e9e au Cameroun et j\u2019y ai v\u00e9cu jusqu\u2019\u00e0 l\u2019obtention de mon baccalaur\u00e9at en 1994. Ensuite je suis venue en Allemagne pour faire des \u00e9tudes de m\u00e9decine, ce qui m\u2019a permis de r\u00e9aliser mon r\u00eave d\u2019enfant. J\u2019ai \u00e9tudi\u00e9 \u00e0 Giessen, Gen\u00e8ve et Nairobi. Imm\u00e9diatement apr\u00e8s mes \u00e9tudes, j\u2019ai fait un cours en sant\u00e9 publique et en m\u00e9decine tropicale \u00e0 Heidelberg, suivi d\u2019un stage \u00e0 la Gesellschaft f\u00fcr Internationale Zusammenarbeit (GIZ), une institution du minist\u00e8re f\u00e9d\u00e9ral allemand de la coop\u00e9ration \u00e0 Eschborn pr\u00e8s de Francfort, dans le domaine de la lutte contre la circoncision chez les femmes (FGM). Ensuite, j\u2019ai eu l\u2019opportunit\u00e9 de traivailler \u00e0 l\u2019Organisation mondiale de la sant\u00e9 (OMS) \u00e0 Gen\u00e8ve sur un projet dans le cadre de la recherche sur le paludisme. lorsqu\u2019on m\u2019a propos\u00e9 de poursuivre mon engagement \u00e0 l\u2019OMS, mon c\u0153ur balan\u00e7ait d\u00e9j\u00e0 : Devais-je me consacrer enti\u00e8rement sur la sant\u00e9 publique ou alors plut\u00f4t \u00e0 une activit\u00e9 clinique? Je trouvais les deux tr\u00e8s int\u00e9ressants, mais je ne pouvais pas les combiner. J\u2019ai opt\u00e9 pour la seconde solution et suis rentr\u00e9e en Allemagne pour me sp\u00e9cialiser en gyn\u00e9cologie et obst\u00e9trique. Je savais qu\u2019avec plus d\u2019exp\u00e9rience clinique, je pourrais aussi mieux atteindre et soutenir un plus grand nombre de personnes.  <\/span><\/p>\n<p>\u00a0\u00bb content_last_edited=\u00a0\u00bbon|phone\u00a0\u00bb _builder_version=\u00a0\u00bb4.27.4&Prime; _module_preset=\u00a0\u00bbdefault\u00a0\u00bb text_font=\u00a0\u00bb||||||||\u00a0\u00bb text_text_color=\u00a0\u00bb#000000&Prime; text_font_size=\u00a0\u00bb16px\u00a0\u00bb text_line_height=\u00a0\u00bb1.6em\u00a0\u00bb header_2_font=\u00a0\u00bb|700|||||||\u00a0\u00bb header_2_text_color=\u00a0\u00bb#4671C4&Prime; header_2_font_size=\u00a0\u00bb31px\u00a0\u00bb background_image=\u00a0\u00bbhttps:\/\/www.drjkt.health\/wp-content\/uploads\/2024\/07\/Gynecology_bg.jpg\u00a0\u00bb background_enable_mask_style=\u00a0\u00bbon\u00a0\u00bb background_mask_style=\u00a0\u00bbpaint\u00a0\u00bb custom_margin=\u00a0\u00bb0px||16px||false|false\u00a0\u00bb custom_margin_tablet=\u00a0\u00bb0px||49px||false|false\u00a0\u00bb custom_margin_phone=\u00a0\u00bb0px||42px||false|false\u00a0\u00bb custom_margin_last_edited=\u00a0\u00bbon|phone\u00a0\u00bb custom_padding=\u00a0\u00bb0px||0px||false|false\u00a0\u00bb text_font_size_tablet=\u00a0\u00bb22px\u00a0\u00bb text_font_size_phone=\u00a0\u00bb20px\u00a0\u00bb text_font_size_last_edited=\u00a0\u00bbon|phone\u00a0\u00bb global_colors_info=\u00a0\u00bb{}\u00a0\u00bb]<\/p>\n<h2 style=\"text-align: left;\">Je suis Dr. Judith Kouematchoua Tchuitcheu n\u00e9e Heukoua Njanda.<\/h2>\n<p><\/p>\n<p style=\"text-align: justify;\">Depuis 2010, je suis install\u00e9e comme gyn\u00e9cologue dans le centre-ville de Hambourg. Je suis n\u00e9e au Cameroun et j\u2019y ai v\u00e9cu jusqu\u2019\u00e0 l\u2019obtention de mon baccalaur\u00e9at en 1994. Ensuite je suis venue en Allemagne pour faire des \u00e9tudes de m\u00e9decine, ce qui m\u2019a permis de r\u00e9aliser mon r\u00eave d\u2019enfant. J\u2019ai \u00e9tudi\u00e9 \u00e0 Giessen, Gen\u00e8ve et Nairobi.<\/p>\n<p><\/p>\n<p style=\"text-align: justify;\">Imm\u00e9diatement apr\u00e8s mes \u00e9tudes, j\u2019ai fait un cours en sant\u00e9 publique et en m\u00e9decine tropicale \u00e0 Heidelberg, suivi d\u2019un stage \u00e0 la Gesellschaft f\u00fcr Internationale Zusammenarbeit (GIZ), une institution du minist\u00e8re f\u00e9d\u00e9ral allemand de la coop\u00e9ration \u00e0 Eschborn pr\u00e8s de Francfort, dans le domaine de la lutte contre la circoncision chez les femmes (FGM). Ensuite, j\u2019ai eu l\u2019opportunit\u00e9 de traivailler \u00e0 l\u2019Organisation mondiale de la sant\u00e9 (OMS) \u00e0 Gen\u00e8ve sur un projet dans le cadre de la recherche sur le paludisme. lorsqu\u2019on m\u2019a propos\u00e9 de poursuivre mon engagement \u00e0 l\u2019OMS, mon c\u0153ur balan\u00e7ait d\u00e9j\u00e0 : Devais-je me consacrer enti\u00e8rement sur la sant\u00e9 publique ou alors plut\u00f4t \u00e0 une activit\u00e9 clinique? Je trouvais les deux tr\u00e8s int\u00e9ressants, mais je ne pouvais pas les combiner. J\u2019ai opt\u00e9 pour la seconde solution et suis rentr\u00e9e en Allemagne pour me sp\u00e9cialiser en gyn\u00e9cologie et obst\u00e9trique. Je savais qu\u2019avec plus d\u2019exp\u00e9rience clinique, je pourrais aussi mieux atteindre et soutenir un plus grand nombre de personnes.<\/p>\n<p>[\/et_pb_text][\/et_pb_column][\/et_pb_row][et_pb_row use_custom_gutter=\u00a0\u00bbon\u00a0\u00bb gutter_width=\u00a0\u00bb1&Prime; _builder_version=\u00a0\u00bb4.27.0&Prime; _module_preset=\u00a0\u00bbdefault\u00a0\u00bb background_enable_color=\u00a0\u00bboff\u00a0\u00bb background_enable_image=\u00a0\u00bboff\u00a0\u00bb background_position=\u00a0\u00bbbottom_right\u00a0\u00bb width=\u00a0\u00bb90%\u00a0\u00bb max_width=\u00a0\u00bb1270px\u00a0\u00bb custom_margin=\u00a0\u00bb0px|auto|-3px|auto|false|false\u00a0\u00bb custom_margin_tablet=\u00a0\u00bb0px||||false|false\u00a0\u00bb custom_margin_phone=\u00a0\u00bb||||false|false\u00a0\u00bb custom_margin_last_edited=\u00a0\u00bbon|phone\u00a0\u00bb custom_padding=\u00a0\u00bb0px||0px||false|false\u00a0\u00bb animation_style=\u00a0\u00bbfade\u00a0\u00bb animation_delay=\u00a0\u00bb500ms\u00a0\u00bb animation_speed_curve=\u00a0\u00bbease\u00a0\u00bb global_colors_info=\u00a0\u00bb{}\u00a0\u00bb][et_pb_column type=\u00a0\u00bb4_4&Prime; _builder_version=\u00a0\u00bb4.21.0&Prime; _module_preset=\u00a0\u00bbdefault\u00a0\u00bb global_colors_info=\u00a0\u00bb{}\u00a0\u00bb][et_pb_text _builder_version=\u00a0\u00bb4.27.4&Prime; _module_preset=\u00a0\u00bbdefault\u00a0\u00bb text_font=\u00a0\u00bb||||||||\u00a0\u00bb text_text_color=\u00a0\u00bb#000000&Prime; text_font_size=\u00a0\u00bb16px\u00a0\u00bb text_line_height=\u00a0\u00bb1.6em\u00a0\u00bb header_2_font=\u00a0\u00bb|700|||||||\u00a0\u00bb header_2_text_color=\u00a0\u00bb#4671C4&Prime; header_2_font_size=\u00a0\u00bb31px\u00a0\u00bb background_image=\u00a0\u00bbhttps:\/\/www.drjkt.health\/wp-content\/uploads\/2024\/07\/Gynecology_bg.jpg\u00a0\u00bb background_enable_mask_style=\u00a0\u00bbon\u00a0\u00bb background_mask_style=\u00a0\u00bbpaint\u00a0\u00bb custom_margin=\u00a0\u00bb0px||28px||false|false\u00a0\u00bb custom_margin_tablet=\u00a0\u00bb0px||-24px||false|false\u00a0\u00bb custom_margin_phone=\u00a0\u00bb0px||42px||false|false\u00a0\u00bb custom_margin_last_edited=\u00a0\u00bbon|phone\u00a0\u00bb custom_padding=\u00a0\u00bb0px||0px||false|false\u00a0\u00bb text_font_size_tablet=\u00a0\u00bb22px\u00a0\u00bb text_font_size_phone=\u00a0\u00bb20px\u00a0\u00bb text_font_size_last_edited=\u00a0\u00bbon|phone\u00a0\u00bb global_colors_info=\u00a0\u00bb{}\u00a0\u00bb]<\/p>\n<p>Apr\u00e8s avoir travaill\u00e9e pendant huit ans dans des h\u00f4pitaux \u00e0 Rheine, Vechta, Neuwied en tant que m\u00e9decin interne et \u00e0 Hanovre en tant que m\u00e9decin sp\u00e9cialiste, je suis maintenant install\u00e9e \u00e0 Hambourg, comme je l&rsquo;ai d\u00e9j\u00e0 mentionn\u00e9. Les nombreux changements de lieu que j&rsquo;ai connus jusqu&rsquo;\u00e0 pr\u00e9sent \u00e9taient des d\u00e9cisions conscientes, prises dans le cadre de la poursuite des objectifs clairs. Maintenant, j&rsquo;ai trouv\u00e9 mon port d&rsquo;attache!<\/p>\n<p><\/p>\n<p>Tant dans certaines parties de mon Cameroun natal que plus tard, au cours de tous mes voyages, j&rsquo;ai souvent fait l&rsquo;exp\u00e9rience d&rsquo;appartenir \u00e0 une minorit\u00e9 quelconque : jeune (bon, cela change avec le temps! ), femme, chr\u00e9tienne ou noire. D\u2019un autre cot\u00e9 Je n&rsquo;ai pas remis en question les avantages d&rsquo;appartenir \u00e0 une majorit\u00e9 : francophone ou chr\u00e9tienne. Au cours de ma vie, j&rsquo;ai pu passer en revue ces diff\u00e9rentes facettes et d\u00e9velopper une empathie pour diff\u00e9rentes situations de vie. Je sais par exemple que l&rsquo;un des outils les plus importants pour une communication r\u00e9ussie est la langue. Il est donc important pour moi d&rsquo;utiliser les trois langues mondiales que je ma\u00eetrise (allemand, fran\u00e7ais et anglais).<\/p>\n<p><\/p>\n<p>Depuis le d\u00e9but de mes \u00e9tudes, je suis engag\u00e9e dans la soci\u00e9t\u00e9. Mon \u00ab\u00a0association de c\u0153ur\u00a0\u00bb est Camfomedics e.V., l&rsquo;association m\u00e9dicale germano-camerounaise (anciennement association d&rsquo;\u00e9tudiants) dont j&rsquo;ai fait partie \u00e0 plusieurs reprises du bureau \u00e9x\u00e9cutif. Elle a \u00e9t\u00e9 fond\u00e9e en 1994.<\/p>\n<p><\/p>\n<p>Je suis mari\u00e9e et nous avons cinq enfants. Ma famille est toujours une source d&rsquo;inspiration mais aussi un d\u00e9fi. Comment parvenons-nous \u00e0 concilier travail et famille ? Quels sont les th\u00e8mes qui nous accompagnent au quotidien au sujet de l&rsquo;\u00e9ducation, la discrimination, le partenariat, la famille, les amis ?<\/p>\n<p><\/p>\n<p>La m\u00e9decine est ma passion. J&rsquo;ai beaucoup de plaisir \u00e0 aider les gens \u00e0 rester en bonne sant\u00e9, \u00e0 retrouver la sant\u00e9 et \u00e0 mener une bonne vie autonome. Jusqu&rsquo;\u00e0 pr\u00e9sent, je ne peux toutefois atteindre que les personnes qui viennent me voir dans mon cabinet. \u00a0Les d\u00e9fis professionnels, le syst\u00e8me de sant\u00e9 et la politique de sant\u00e9 actuelle ne me permettent pas d&rsquo;atteindre les gens comme je le voudrais et le pourrais.<\/p>\n<p><\/p>\n<p>En suivant cette voie, je souhaite, gr\u00e2ce \u00e0 mon exp\u00e9rience professionnelle, mon expertise et ma biographie, parvenir \u00e0:<\/p>\n<p><\/p>\n<blockquote>\n<p>atteindre plus de personnes plus facilement que dans mon cabinet, \u00e9galement en anglais et en fran\u00e7ais<\/p>\n<\/blockquote>\n<p><\/p>\n<blockquote>\n<p>rendre accessibles des informations importantes sur les th\u00e8mes de la sant\u00e9, du style de vie et de l&rsquo;int\u00e9gration<\/p>\n<\/blockquote>\n<p><\/p>\n<blockquote>\n<p>aider \u00e0 mieux comprendre le syst\u00e8me de sant\u00e9 en Allemagne et faciliter ainsi les rencontres entre les clients et le personnel de sant\u00e9 (par exemple comment mieux se pr\u00e9parer \u00e0 un rendez-vous).<\/p>\n<\/blockquote>\n<p><\/p>\n<blockquote>\n<p>proposer des conseils, en particulier sur des sujets gyn\u00e9cologiques,<\/p>\n<\/blockquote>\n<p><\/p>\n<blockquote>\n<p>Proposer des conseils\/un coaching multilingues individuels ou en groupe sur des th\u00e8mes choisis dans les domaines de la sant\u00e9 et de l&rsquo;int\u00e9gration,<\/p>\n<\/blockquote>\n<p><\/p>\n<blockquote>\n<p>aider les acteurs du syst\u00e8me de sant\u00e9 \u00e0 \u00eatre plus sensibles aux questions autour de la discrimination.<\/p>\n<\/blockquote>\n<p>[\/et_pb_text][\/et_pb_column][\/et_pb_row][\/et_pb_section]<\/p>\n","protected":false},"excerpt":{"rendered":"<p>Pr\u00e9sentationJe suis Dr. Judith Kouematchoua Tchuitcheu n\u00e9e Heukoua Njanda.Depuis 2010, je suis install\u00e9e comme gyn\u00e9cologue dans le centre-ville de Hambourg. Je suis n\u00e9e au Cameroun et j\u2019y ai v\u00e9cu jusqu\u2019\u00e0 l\u2019obtention de mon baccalaur\u00e9at en 1994. Ensuite je suis venue en Allemagne pour faire des \u00e9tudes de m\u00e9decine, ce qui m\u2019a permis de r\u00e9aliser mon [&hellip;]<\/p>\n","protected":false},"author":1,"featured_media":0,"parent":0,"menu_order":0,"comment_status":"closed","ping_status":"closed","template":"","meta":{"_et_pb_use_builder":"on","_et_pb_old_content":"","_et_gb_content_width":"","footnotes":""},"class_list":["post-82989","page","type-page","status-publish","hentry"],"_links":{"self":[{"href":"https:\/\/www.drjkt.health\/fr\/wp-json\/wp\/v2\/pages\/82989","targetHints":{"allow":["GET"]}}],"collection":[{"href":"https:\/\/www.drjkt.health\/fr\/wp-json\/wp\/v2\/pages"}],"about":[{"href":"https:\/\/www.drjkt.health\/fr\/wp-json\/wp\/v2\/types\/page"}],"author":[{"embeddable":true,"href":"https:\/\/www.drjkt.health\/fr\/wp-json\/wp\/v2\/users\/1"}],"replies":[{"embeddable":true,"href":"https:\/\/www.drjkt.health\/fr\/wp-json\/wp\/v2\/comments?post=82989"}],"version-history":[{"count":16,"href":"https:\/\/www.drjkt.health\/fr\/wp-json\/wp\/v2\/pages\/82989\/revisions"}],"predecessor-version":[{"id":83987,"href":"https:\/\/www.drjkt.health\/fr\/wp-json\/wp\/v2\/pages\/82989\/revisions\/83987"}],"wp:attachment":[{"href":"https:\/\/www.drjkt.health\/fr\/wp-json\/wp\/v2\/media?parent=82989"}],"curies":[{"name":"wp","href":"https:\/\/api.w.org\/{rel}","templated":true}]}}